{"id":42204,"date":"2025-11-15T06:53:41","date_gmt":"2025-11-15T06:53:41","guid":{"rendered":"https:\/\/esako.com.pe\/?post_type=product&#038;p=42204"},"modified":"2025-11-15T06:54:49","modified_gmt":"2025-11-15T06:54:49","slug":"sello-de-ciguenal","status":"publish","type":"product","link":"https:\/\/esako.com.pe\/en\/product\/sello-de-ciguenal\/","title":{"rendered":"SELLO DE CIG\u00dcE\u00d1AL"},"content":{"rendered":"","protected":false},"excerpt":{"rendered":"<p>SELLO CON PISTA DE CIG\u00dcE\u00d1AL K19<\/p>\n<p>RETEN DELANTEROCON PISTA N\/P 3803994 DE MOTOR K19 CUMMINS<\/p>\n<p><strong>M\u00e9todos de pago disponibles: <\/strong>transferencia bancaria, Yape, Plin, tarjetas.<\/p>\n<p><strong>Informaci\u00f3n sobre delivery: <\/strong>PAGO CONTRA ENTREGA<\/p>","protected":false},"featured_media":42152,"comment_status":"open","ping_status":"closed","template":"","meta":{"_eb_attr":""},"product_brand":[],"product_cat":[20,81],"product_tag":[],"class_list":{"0":"post-42204","1":"product","2":"type-product","3":"status-publish","4":"has-post-thumbnail","6":"product_cat-automotriz","7":"product_cat-construccion","9":"first","10":"instock","11":"shipping-taxable","12":"purchasable","13":"product-type-simple"},"_links":{"self":[{"href":"https:\/\/esako.com.pe\/en\/wp-json\/wp\/v2\/product\/42204","targetHints":{"allow":["GET"]}}],"collection":[{"href":"https:\/\/esako.com.pe\/en\/wp-json\/wp\/v2\/product"}],"about":[{"href":"https:\/\/esako.com.pe\/en\/wp-json\/wp\/v2\/types\/product"}],"replies":[{"embeddable":true,"href":"https:\/\/esako.com.pe\/en\/wp-json\/wp\/v2\/comments?post=42204"}],"version-history":[{"count":1,"href":"https:\/\/esako.com.pe\/en\/wp-json\/wp\/v2\/product\/42204\/revisions"}],"predecessor-version":[{"id":42205,"href":"https:\/\/esako.com.pe\/en\/wp-json\/wp\/v2\/product\/42204\/revisions\/42205"}],"wp:featuredmedia":[{"embeddable":true,"href":"https:\/\/esako.com.pe\/en\/wp-json\/wp\/v2\/media\/42152"}],"wp:attachment":[{"href":"https:\/\/esako.com.pe\/en\/wp-json\/wp\/v2\/media?parent=42204"}],"wp:term":[{"taxonomy":"product_brand","embeddable":true,"href":"https:\/\/esako.com.pe\/en\/wp-json\/wp\/v2\/product_brand?post=42204"},{"taxonomy":"product_cat","embeddable":true,"href":"https:\/\/esako.com.pe\/en\/wp-json\/wp\/v2\/product_cat?post=42204"},{"taxonomy":"product_tag","embeddable":true,"href":"https:\/\/esako.com.pe\/en\/wp-json\/wp\/v2\/product_tag?post=42204"}],"curies":[{"name":"wp","href":"https:\/\/api.w.org\/{rel}","templated":true}]}}