{"id":30980,"date":"2025-09-30T20:37:47","date_gmt":"2025-09-30T20:37:47","guid":{"rendered":"https:\/\/esako.com.pe\/?page_id=30980"},"modified":"2025-10-27T20:26:00","modified_gmt":"2025-10-27T20:26:00","slug":"nosotros","status":"publish","type":"page","link":"https:\/\/esako.com.pe\/en\/nosotros\/","title":{"rendered":"Nosotros"},"content":{"rendered":"<div data-elementor-type=\"wp-page\" data-elementor-id=\"30980\" class=\"elementor elementor-30980\" data-elementor-post-type=\"page\">\n\t\t\t\t<div class=\"elementor-element elementor-element-4f76341 wd-section-stretch e-con-full e-flex e-con e-parent\" data-id=\"4f76341\" data-element_type=\"container\" data-e-type=\"container\" data-settings=\"{&quot;background_background&quot;:&quot;classic&quot;}\">\n\t\t<div class=\"elementor-element elementor-element-9c0096c e-con-full e-flex e-con e-child\" data-id=\"9c0096c\" data-element_type=\"container\" data-e-type=\"container\">\n\t\t\t\t<div class=\"elementor-element elementor-element-35fed3c wd-width-100 elementor-widget elementor-widget-wd_title\" data-id=\"35fed3c\" data-element_type=\"widget\" data-e-type=\"widget\" data-widget_type=\"wd_title.default\">\n\t\t\t\t<div class=\"elementor-widget-container\">\n\t\t\t\t\t\t\t<div class=\"title-wrapper wd-set-mb reset-last-child wd-title-color-default wd-title-style-default wd-title-size-default text-center\">\n\n\t\t\t\n\t\t\t<div class=\"liner-continer\">\n\t\t\t\t<h4 class=\"woodmart-title-container title wd-fontsize-l\">BRANCHES<\/h4> \n\t\t\t\t\t\t\t<\/div>\n\n\t\t\t\t\t<\/div>\n\t\t\t\t\t\t<\/div>\n\t\t\t\t<\/div>\n\t\t\t\t<div class=\"elementor-element elementor-element-2528551 elementor-widget__width-initial elementor-widget-tablet__width-initial elementor-widget elementor-widget-wd_banner\" data-id=\"2528551\" data-element_type=\"widget\" data-e-type=\"widget\" data-widget_type=\"wd_banner.default\">\n\t\t\t\t<div class=\"elementor-widget-container\">\n\t\t\t\t\t\t\t<div class=\"promo-banner-wrapper\">\n\t\t\t<div class=\"promo-banner banner-default banner-hover-none color-scheme- banner-btn-size-default banner-btn-style-default\">\n\t\t\t\t<div class=\"main-wrapp-img\">\n\t\t\t\t\t<div class=\"banner-image wd-without-height\">\n\t\t\t\t\t\t\t\t\t\t\t\t\t\t\t\t\t\t\t\t\t<img loading=\"lazy\" decoding=\"async\" width=\"1500\" height=\"1400\" src=\"https:\/\/esako.com.pe\/wp-content\/uploads\/2025\/10\/mapadeesakofinal-1.webp\" class=\"attachment-full size-full\" alt=\"\" srcset=\"https:\/\/esako.com.pe\/wp-content\/uploads\/2025\/10\/mapadeesakofinal-1.webp 1500w, https:\/\/esako.com.pe\/wp-content\/uploads\/2025\/10\/mapadeesakofinal-1-321x300.webp 321w, https:\/\/esako.com.pe\/wp-content\/uploads\/2025\/10\/mapadeesakofinal-1-857x800.webp 857w, https:\/\/esako.com.pe\/wp-content\/uploads\/2025\/10\/mapadeesakofinal-1-768x717.webp 768w, https:\/\/esako.com.pe\/wp-content\/uploads\/2025\/10\/mapadeesakofinal-1-13x12.webp 13w, https:\/\/esako.com.pe\/wp-content\/uploads\/2025\/10\/mapadeesakofinal-1-430x401.webp 430w, https:\/\/esako.com.pe\/wp-content\/uploads\/2025\/10\/mapadeesakofinal-1-700x653.webp 700w, https:\/\/esako.com.pe\/wp-content\/uploads\/2025\/10\/mapadeesakofinal-1-150x140.webp 150w\" sizes=\"auto, (max-width: 1500px) 100vw, 1500px\" \/>\t\t\t\t\t\t\t\t\t\t\t\t\t\t\t\t\t\t<\/div>\n\t\t\t\t<\/div>\n\n\t\t\t\t<div class=\"wrapper-content-banner wd-fill wd-items-top wd-justify-left\">\n\t\t\t\t\t<div class=\"content-banner  text-left\">\n\t\t\t\t\t\t\n\t\t\t\t\t\t\n\t\t\t\t\t\t\n\t\t\t\t\t\t\n\t\t\t\t\t\t\t\t\t\t\t<\/div>\n\t\t\t\t<\/div>\n\n\t\t\t\t\t\t\t<\/div>\n\t\t<\/div>\n\t\t\t\t\t\t<\/div>\n\t\t\t\t<\/div>\n\t\t\t\t<\/div>\n\t\t<div class=\"elementor-element elementor-element-fc9535d e-con-full e-flex e-con e-child\" data-id=\"fc9535d\" data-element_type=\"container\" data-e-type=\"container\">\n\t\t\t\t<div class=\"elementor-element elementor-element-40ac1d3 wd-width-100 elementor-widget elementor-widget-wd_title\" data-id=\"40ac1d3\" data-element_type=\"widget\" data-e-type=\"widget\" data-widget_type=\"wd_title.default\">\n\t\t\t\t<div class=\"elementor-widget-container\">\n\t\t\t\t\t\t\t<div class=\"title-wrapper wd-set-mb reset-last-child wd-title-color-default wd-title-style-default wd-title-size-default text-left\">\n\n\t\t\t\n\t\t\t<div class=\"liner-continer\">\n\t\t\t\t<h4 class=\"woodmart-title-container title wd-fontsize-l\">ABOUT US<\/h4> \n\t\t\t\t\t\t\t<\/div>\n\n\t\t\t\t\t<\/div>\n\t\t\t\t\t\t<\/div>\n\t\t\t\t<\/div>\n\t\t\t\t<div class=\"elementor-element elementor-element-e4ebe6b elementor-widget elementor-widget-wd_text_block\" data-id=\"e4ebe6b\" data-element_type=\"widget\" data-e-type=\"widget\" id=\"texto1\" data-widget_type=\"wd_text_block.default\">\n\t\t\t\t<div class=\"elementor-widget-container\">\n\t\t\t\t\t\t\t<div class=\"wd-text-block reset-last-child text-left\">\n\t\t\t\n\t\t\t<div style=\"text-align: justify;\"><br \/>In <b>ESAKO GLOBAL SAC<\/b>, nos especializamos en proporcionar soluciones con mejor relaci\u00f3n costo-beneficio.<br \/>Nuestro portafolio est\u00e1 dise\u00f1ado para optimizar su productividad, reducir tiempos de inactividad y asegurar la continuidad operativa de su negocio.<br \/>Atendemos sectores como miner\u00eda, pesca, agroindustria, construcci\u00f3n, automotriz, petr\u00f3leo e industria en\u00a0general.<\/div>\n\t\t\t\t\t<\/div>\n\t\t\t\t\t\t<\/div>\n\t\t\t\t<\/div>\n\t\t\t\t<div class=\"elementor-element elementor-element-8c52f25 wd-width-100 elementor-widget elementor-widget-wd_title\" data-id=\"8c52f25\" data-element_type=\"widget\" data-e-type=\"widget\" data-widget_type=\"wd_title.default\">\n\t\t\t\t<div class=\"elementor-widget-container\">\n\t\t\t\t\t\t\t<div class=\"title-wrapper wd-set-mb reset-last-child wd-title-color-default wd-title-style-default wd-title-size-default text-left\">\n\n\t\t\t\n\t\t\t<div class=\"liner-continer\">\n\t\t\t\t<h4 class=\"woodmart-title-container title wd-fontsize-l\">VISION - MISSION<\/h4> \n\t\t\t\t\t\t\t<\/div>\n\n\t\t\t\t\t<\/div>\n\t\t\t\t\t\t<\/div>\n\t\t\t\t<\/div>\n\t\t\t\t<div class=\"elementor-element elementor-element-0cbb52c elementor-widget elementor-widget-wd_text_block\" data-id=\"0cbb52c\" data-element_type=\"widget\" data-e-type=\"widget\" data-widget_type=\"wd_text_block.default\">\n\t\t\t\t<div class=\"elementor-widget-container\">\n\t\t\t\t\t\t\t<div class=\"wd-text-block reset-last-child text-left\">\n\t\t\t\n\t\t\t<div style=\"text-align: justify;\">\n  Deseamos ser una empresa global, con prestigio, eficaz, que brinde soluciones integrales e innovadoras con los mejores est\u00e1ndares, que motive la admiraci\u00f3n de nuestros colaboradores, clientes, proveedores y competidores.\n<\/div>\n\n\t\t\t\t\t<\/div>\n\t\t\t\t\t\t<\/div>\n\t\t\t\t<\/div>\n\t\t\t\t<div class=\"elementor-element elementor-element-ea29d8d wd-width-100 elementor-widget elementor-widget-wd_title\" data-id=\"ea29d8d\" data-element_type=\"widget\" data-e-type=\"widget\" data-widget_type=\"wd_title.default\">\n\t\t\t\t<div class=\"elementor-widget-container\">\n\t\t\t\t\t\t\t<div class=\"title-wrapper wd-set-mb reset-last-child wd-title-color-default wd-title-style-default wd-title-size-default text-left\">\n\n\t\t\t\n\t\t\t<div class=\"liner-continer\">\n\t\t\t\t<h4 class=\"woodmart-title-container title wd-fontsize-l\">VALUES<\/h4> \n\t\t\t\t\t\t\t<\/div>\n\n\t\t\t\t\t<\/div>\n\t\t\t\t\t\t<\/div>\n\t\t\t\t<\/div>\n\t\t\t\t<div class=\"elementor-element elementor-element-2486d38 elementor-widget elementor-widget-wd_text_block\" data-id=\"2486d38\" data-element_type=\"widget\" data-e-type=\"widget\" data-widget_type=\"wd_text_block.default\">\n\t\t\t\t<div class=\"elementor-widget-container\">\n\t\t\t\t\t\t\t<div class=\"wd-text-block reset-last-child text-left\">\n\t\t\t\n\t\t\t<p><span dir=\"auto\" style=\"vertical-align: inherit;\"><span dir=\"auto\" style=\"vertical-align: inherit;\">Integridad\u00a0 -\u00a0 Seguridad\u00a0 -\u00a0 Diversidad \u2013 Responsabilidad ambiental \u2013 Vocacion de servicio<\/span><\/span><\/p>\n\t\t\t\t\t<\/div>\n\t\t\t\t\t\t<\/div>\n\t\t\t\t<\/div>\n\t\t\t\t<div class=\"elementor-element elementor-element-b0d7e81 wd-width-100 elementor-widget elementor-widget-wd_title\" data-id=\"b0d7e81\" data-element_type=\"widget\" data-e-type=\"widget\" data-widget_type=\"wd_title.default\">\n\t\t\t\t<div class=\"elementor-widget-container\">\n\t\t\t\t\t\t\t<div class=\"title-wrapper wd-set-mb reset-last-child wd-title-color-default wd-title-style-default wd-title-size-default text-left\">\n\n\t\t\t\n\t\t\t<div class=\"liner-continer\">\n\t\t\t\t<h4 class=\"woodmart-title-container title wd-fontsize-l\">CONTACTO<\/h4> \n\t\t\t\t\t\t\t<\/div>\n\n\t\t\t\t\t<\/div>\n\t\t\t\t\t\t<\/div>\n\t\t\t\t<\/div>\n\t\t\t\t<div class=\"elementor-element elementor-element-ee5bd5b elementor-widget elementor-widget-wd_text_block\" data-id=\"ee5bd5b\" data-element_type=\"widget\" data-e-type=\"widget\" data-widget_type=\"wd_text_block.default\">\n\t\t\t\t<div class=\"elementor-widget-container\">\n\t\t\t\t\t\t\t<div class=\"wd-text-block reset-last-child text-left\">\n\t\t\t\n\t\t\t<p>esako@esako.com.pe<\/p>\n\t\t\t\t\t<\/div>\n\t\t\t\t\t\t<\/div>\n\t\t\t\t<\/div>\n\t\t\t\t<\/div>\n\t\t\t\t<\/div>\n\t\t\t\t<\/div>","protected":false},"excerpt":{"rendered":"<p>SUCURSALES NOSOTROS En ESAKO GLOBAL SAC, nos especializamos en proporcionar soluciones con mejor relaci\u00f3n costo-beneficio.Nuestro portafolio est\u00e1 dise\u00f1ado para optimizar<\/p>","protected":false},"author":1,"featured_media":0,"parent":0,"menu_order":0,"comment_status":"closed","ping_status":"closed","template":"","meta":{"_eb_attr":"","footnotes":""},"class_list":["post-30980","page","type-page","status-publish","hentry"],"_hostinger_reach_plugin_has_subscription_block":false,"_hostinger_reach_plugin_is_elementor":false,"_links":{"self":[{"href":"https:\/\/esako.com.pe\/en\/wp-json\/wp\/v2\/pages\/30980","targetHints":{"allow":["GET"]}}],"collection":[{"href":"https:\/\/esako.com.pe\/en\/wp-json\/wp\/v2\/pages"}],"about":[{"href":"https:\/\/esako.com.pe\/en\/wp-json\/wp\/v2\/types\/page"}],"author":[{"embeddable":true,"href":"https:\/\/esako.com.pe\/en\/wp-json\/wp\/v2\/users\/1"}],"replies":[{"embeddable":true,"href":"https:\/\/esako.com.pe\/en\/wp-json\/wp\/v2\/comments?post=30980"}],"version-history":[{"count":1705,"href":"https:\/\/esako.com.pe\/en\/wp-json\/wp\/v2\/pages\/30980\/revisions"}],"predecessor-version":[{"id":41430,"href":"https:\/\/esako.com.pe\/en\/wp-json\/wp\/v2\/pages\/30980\/revisions\/41430"}],"wp:attachment":[{"href":"https:\/\/esako.com.pe\/en\/wp-json\/wp\/v2\/media?parent=30980"}],"curies":[{"name":"wp","href":"https:\/\/api.w.org\/{rel}","templated":true}]}}